{"id":295,"date":"2022-04-18T10:52:31","date_gmt":"2022-04-18T01:52:31","guid":{"rendered":"http:\/\/y-asakawa.jp:8000\/?page_id=295"},"modified":"2024-06-05T10:47:10","modified_gmt":"2024-06-05T01:47:10","slug":"%e3%83%9d%e3%82%b9%e3%82%bf%e3%83%bc%e6%8e%b2%e7%a4%ba%e3%81%ae%e3%81%8a%e9%a1%98%e3%81%84","status":"publish","type":"page","link":"https:\/\/www.asakawayoshiharu.com\/?page_id=295","title":{"rendered":"\u30dd\u30b9\u30bf\u30fc\u63b2\u793a\u306e\u304a\u9858\u3044"},"content":{"rendered":"\n<p>\u30dd\u30b9\u30bf\u30fc\u306e\u63b2\u793a\u5834\u6240\u3092\u304a\u8cb8\u3057\u3044\u305f\u3060\u3051\u308b\u65b9\u3092\u52df\u96c6\u3057\u3066\u3044\u307e\u3059\u3002<\/p>\n\n\n\n<p>\u6a2a\u6d5c\u5e02\u4e2d\u533a\u30fb\u78ef\u5b50\u533a\u30fb\u91d1\u6ca2\u533a\u3067\u63b2\u793a\u306b\u3054\u5354\u529b\u3044\u305f\u3060\u3051\u308b\u65b9\u306f\u4e0b\u8a18\u30d5\u30a9\u30fc\u30e0\u3088\u308a\u3054\u9023\u7d61\u304f\u3060\u3055\u3044\u3002<\/p>\n\n\n\n<p>\u30b9\u30bf\u30c3\u30d5\u304b\u3089\u3054\u9023\u7d61\u306e\u4e0a\u3001\u5f8c\u65e5\u63b2\u793a\u306b\u304a\u4f3a\u3044\u3044\u305f\u3057\u307e\u3059\u3002<\/p>\n\n\n\n<p><\/p>\n\n\n\n<div class=\"wp-block-contact-form-7-contact-form-selector\">\n<div class=\"wpcf7 no-js\" id=\"wpcf7-f296-o1\" lang=\"ja\" dir=\"ltr\" data-wpcf7-id=\"296\">\n<div class=\"screen-reader-response\"><p role=\"status\" aria-live=\"polite\" aria-atomic=\"true\"><\/p> <ul><\/ul><\/div>\n<form action=\"\/index.php?rest_route=%2Fwp%2Fv2%2Fpages%2F295#wpcf7-f296-o1\" method=\"post\" class=\"wpcf7-form init\" aria-label=\"\u30b3\u30f3\u30bf\u30af\u30c8\u30d5\u30a9\u30fc\u30e0\" novalidate=\"novalidate\" data-status=\"init\">\n<fieldset class=\"hidden-fields-container\"><input type=\"hidden\" name=\"_wpcf7\" value=\"296\" \/><input type=\"hidden\" name=\"_wpcf7_version\" value=\"6.1.5\" \/><input type=\"hidden\" name=\"_wpcf7_locale\" value=\"ja\" \/><input type=\"hidden\" name=\"_wpcf7_unit_tag\" value=\"wpcf7-f296-o1\" \/><input type=\"hidden\" name=\"_wpcf7_container_post\" value=\"0\" \/><input type=\"hidden\" name=\"_wpcf7_posted_data_hash\" value=\"\" \/>\n<\/fieldset>\n<table class=\"respStyle\">\n\t<tr>\n\t<\/tr>\n\t<tr>\n\t\t<th>\n\t\t\t<p><span class=\"required-srt\">\u3010\u5fc5\u9808\u3011<\/span><span class=\"title-srt\">\u304a\u540d\u524d<\/span>\n\t\t\t<\/p>\n\t\t<\/th>\n\t\t<td>\n\t\t\t<p><span class=\"wpcf7-form-control-wrap\" data-name=\"text-102\"><input size=\"40\" maxlength=\"400\" class=\"wpcf7-form-control wpcf7-text wpcf7-validates-as-required\" aria-required=\"true\" aria-invalid=\"false\" placeholder=\"\u4f8b\uff1a\u5c71\u7530\u592a\u90ce\" value=\"\" type=\"text\" name=\"text-102\" \/><\/span>\n\t\t\t<\/p>\n\t\t<\/td>\n\t<\/tr>\n\t<tr>\n\t\t<th>\n\t\t\t<p><span class=\"required-srt\">\u3010\u5fc5\u9808\u3011<\/span><span class=\"title-srt\">\u304a\u540d\u524d\uff08\u30d5\u30ea\u30ac\u30ca\uff09<\/span>\n\t\t\t<\/p>\n\t\t<\/th>\n\t\t<td>\n\t\t\t<p><span class=\"wpcf7-form-control-wrap\" data-name=\"text-100\"><input size=\"40\" maxlength=\"400\" class=\"wpcf7-form-control wpcf7-text wpcf7-validates-as-required\" aria-required=\"true\" aria-invalid=\"false\" placeholder=\"\u4f8b\uff1a\u30e4\u30de\u30c0\u30bf\u30ed\u30a6\" value=\"\" type=\"text\" name=\"text-100\" \/><\/span>\n\t\t\t<\/p>\n\t\t<\/td>\n\t<\/tr>\n\t<tr>\n\t\t<th>\n\t\t\t<p><span class=\"required-srt\">\u3010\u5fc5\u9808\u3011<\/span><span class=\"title-srt\">\u30e1\u30fc\u30eb\u30a2\u30c9\u30ec\u30b9<\/span>\n\t\t\t<\/p>\n\t\t<\/th>\n\t\t<td>\n\t\t\t<p><span class=\"wpcf7-form-control-wrap\" data-name=\"your-email\"><input size=\"40\" maxlength=\"400\" class=\"wpcf7-form-control wpcf7-email wpcf7-validates-as-required wpcf7-text wpcf7-validates-as-email\" aria-required=\"true\" aria-invalid=\"false\" placeholder=\"\u4f8b\uff1a\u00d7\u00d7\u00d7@\u00d7\u00d7\u00d7.com\" value=\"\" type=\"email\" name=\"your-email\" \/><\/span>\n\t\t\t<\/p>\n\t\t<\/td>\n\t<\/tr>\n\t<tr>\n\t\t<th>\n\t\t\t<p><span class=\"required-srt\">\u3010\u5fc5\u9808\u3011<\/span><span class=\"title-srt\">\u96fb\u8a71\u756a\u53f7<\/span>\n\t\t\t<\/p>\n\t\t<\/th>\n\t\t<td>\n\t\t\t<p><span class=\"wpcf7-form-control-wrap\" data-name=\"text-103\"><input size=\"40\" maxlength=\"400\" class=\"wpcf7-form-control wpcf7-text wpcf7-validates-as-required\" aria-required=\"true\" aria-invalid=\"false\" placeholder=\"\u4f8b\uff1a000-0000-0000\" value=\"\" type=\"text\" name=\"text-103\" \/><\/span>\n\t\t\t<\/p>\n\t\t<\/td>\n\t<\/tr>\n\t<tr>\n\t\t<th>\n\t\t\t<p><span class=\"required-srt\">\u3010\u5fc5\u9808\u3011<\/span><span class=\"title-srt\">\u4f4f\u6240<\/span>\n\t\t\t<\/p>\n\t\t<\/th>\n\t\t<td>\n\t\t\t<p><span class=\"wpcf7-form-control-wrap\" data-name=\"text-101\"><input size=\"40\" maxlength=\"400\" class=\"wpcf7-form-control wpcf7-text wpcf7-validates-as-required\" aria-required=\"true\" aria-invalid=\"false\" placeholder=\"\u4f8b\uff1a\u795e\u5948\u5ddd\u770c\u6a2a\u6d5c\u5e02\u25ef\u25ef\u533a 1-1-1\" value=\"\" type=\"text\" name=\"text-101\" \/><\/span>\n\t\t\t<\/p>\n\t\t<\/td>\n\t<\/tr>\n\t<tr>\n\t\t<th>\n\t\t\t<p><span class=\"unrequired-srt\">\u4efb\u610f<\/span><span class=\"title-srt\">\u30e1\u30c3\u30bb\u30fc\u30b8<br \/>\n<\/span>\n\t\t\t<\/p>\n\t\t<\/th>\n\t\t<td>\n\t\t\t<p><span class=\"wpcf7-form-control-wrap\" data-name=\"your-message\"><textarea cols=\"40\" rows=\"10\" maxlength=\"2000\" class=\"wpcf7-form-control wpcf7-textarea\" aria-invalid=\"false\" placeholder=\"\u3054\u8981\u671b\u7b49\u3042\u308a\u307e\u3057\u305f\u3089\u3054\u8a18\u5165\u304f\u3060\u3055\u3044\u3002\" name=\"your-message\"><\/textarea><\/span>\n\t\t\t<\/p>\n\t\t<\/td>\n\t<\/tr>\n\t<tr>\n\t<\/tr>\n<\/table>\n<p><input class=\"wpcf7-form-control wpcf7-submit has-spinner soushin\" type=\"submit\" value=\"\u9001\u4fe1\u3059\u308b\" \/>\n<\/p><div class=\"wpcf7-response-output\" aria-hidden=\"true\"><\/div>\n<\/form>\n<\/div>\n<\/div>\n\n\n\n<figure class=\"wp-block-image size-large is-resized\"><img loading=\"lazy\" decoding=\"async\" width=\"735\" height=\"1024\" src=\"https:\/\/www.asakawayoshiharu.com\/wp-content\/uploads\/2024\/01\/A1\u30dd\u30b9\u30bf\u30fc2023\u5e74\u7248prt2-735x1024.jpg\" alt=\"\" class=\"wp-image-1571\" style=\"width:491px;height:auto\" srcset=\"https:\/\/www.asakawayoshiharu.com\/wp-content\/uploads\/2024\/01\/A1\u30dd\u30b9\u30bf\u30fc2023\u5e74\u7248prt2-735x1024.jpg 735w, https:\/\/www.asakawayoshiharu.com\/wp-content\/uploads\/2024\/01\/A1\u30dd\u30b9\u30bf\u30fc2023\u5e74\u7248prt2-215x300.jpg 215w, https:\/\/www.asakawayoshiharu.com\/wp-content\/uploads\/2024\/01\/A1\u30dd\u30b9\u30bf\u30fc2023\u5e74\u7248prt2-768x1069.jpg 768w, https:\/\/www.asakawayoshiharu.com\/wp-content\/uploads\/2024\/01\/A1\u30dd\u30b9\u30bf\u30fc2023\u5e74\u7248prt2-1103x1536.jpg 1103w, https:\/\/www.asakawayoshiharu.com\/wp-content\/uploads\/2024\/01\/A1\u30dd\u30b9\u30bf\u30fc2023\u5e74\u7248prt2-1471x2048.jpg 1471w, https:\/\/www.asakawayoshiharu.com\/wp-content\/uploads\/2024\/01\/A1\u30dd\u30b9\u30bf\u30fc2023\u5e74\u7248prt2-scaled.jpg 1838w\" sizes=\"auto, (max-width: 735px) 100vw, 735px\" \/><\/figure>\n","protected":false},"excerpt":{"rendered":"\u30dd\u30b9\u30bf\u30fc\u306e\u63b2\u793a\u5834\u6240\u3092\u304a\u8cb8\u3057\u3044\u305f\u3060\u3051\u308b\u65b9\u3092\u52df\u96c6\u3057\u3066\u3044\u307e\u3059\u3002 \u6a2a\u6d5c\u5e02\u4e2d\u533a\u30fb\u78ef\u5b50\u533a\u30fb\u91d1\u6ca2\u533a\u3067\u63b2\u793a\u306b\u3054\u5354\u529b\u3044\u305f\u3060\u3051\u308b\u65b9\u306f\u4e0b\u8a18\u30d5\u30a9\u30fc\u30e0\u3088\u308a\u3054\u9023\u7d61\u304f\u3060\u3055\u3044\u3002 \u30b9\u30bf\u30c3\u30d5\u304b\u3089\u3054\u9023\u7d61\u306e\u4e0a\u3001\u5f8c\u65e5\u63b2\u793a\u306b\u304a\u4f3a\u3044\u3044\u305f\u3057\u307e\u3059\u3002","protected":false},"author":1,"featured_media":0,"parent":0,"menu_order":0,"comment_status":"closed","ping_status":"closed","template":"","meta":{"footnotes":""},"class_list":["post-295","page","type-page","status-publish","hentry"],"_links":{"self":[{"href":"https:\/\/www.asakawayoshiharu.com\/index.php?rest_route=\/wp\/v2\/pages\/295","targetHints":{"allow":["GET"]}}],"collection":[{"href":"https:\/\/www.asakawayoshiharu.com\/index.php?rest_route=\/wp\/v2\/pages"}],"about":[{"href":"https:\/\/www.asakawayoshiharu.com\/index.php?rest_route=\/wp\/v2\/types\/page"}],"author":[{"embeddable":true,"href":"https:\/\/www.asakawayoshiharu.com\/index.php?rest_route=\/wp\/v2\/users\/1"}],"replies":[{"embeddable":true,"href":"https:\/\/www.asakawayoshiharu.com\/index.php?rest_route=%2Fwp%2Fv2%2Fcomments&post=295"}],"version-history":[{"count":8,"href":"https:\/\/www.asakawayoshiharu.com\/index.php?rest_route=\/wp\/v2\/pages\/295\/revisions"}],"predecessor-version":[{"id":2073,"href":"https:\/\/www.asakawayoshiharu.com\/index.php?rest_route=\/wp\/v2\/pages\/295\/revisions\/2073"}],"wp:attachment":[{"href":"https:\/\/www.asakawayoshiharu.com\/index.php?rest_route=%2Fwp%2Fv2%2Fmedia&parent=295"}],"curies":[{"name":"wp","href":"https:\/\/api.w.org\/{rel}","templated":true}]}}