{"id":283,"date":"2022-04-18T10:25:31","date_gmt":"2022-04-18T01:25:31","guid":{"rendered":"http:\/\/y-asakawa.jp:8000\/?page_id=283"},"modified":"2024-10-11T13:01:51","modified_gmt":"2024-10-11T04:01:51","slug":"%e3%81%94%e5%af%84%e4%bb%98","status":"publish","type":"page","link":"https:\/\/www.asakawayoshiharu.com\/?page_id=283","title":{"rendered":"\u3054\u5bc4\u4ed8"},"content":{"rendered":"\n<p>\u6d3b\u52d5\u3092\u9032\u3081\u308b\u306b\u306f\u3001\u8cc7\u91d1\u304c\u5fc5\u8981\u3068\u306a\u308a\u307e\u3059\u3002<\/p>\n\n\n\n<p>\u305d\u3053\u3067\u3001\u6d45\u5ddd\u7fa9\u6cbb\u3068\u5171\u306b\u7acb\u3061\u4e0a\u304c\u308a\u3001\u304a\u652f\u3048\u304f\u3060\u3055\u308b\u7686\u3055\u307e\u3088\u308a\u3001\u5e83\u304f\u6d44\u8ca1\u3092\u52df\u308a\u305f\u304f\u304a\u9858\u3044\u7533\u3057\u4e0a\u3052\u307e\u3059\u3002<\/p>\n\n\n\n<p>\u7686\u3055\u307e\u306e\u3054\u652f\u63f4\u3054\u5354\u529b\u3092\u4f55\u5352\u3088\u308d\u3057\u304f\u304a\u9858\u3044\u7533\u3057\u4e0a\u3052\u307e\u3059\u3002<\/p>\n\n\n\n<p><\/p>\n\n\n\n<p>\u3010 <strong>\u632f\u8fbc\u5148<\/strong> \u3011<\/p>\n\n\n\n<p>\u3086\u3046\u3061\u3087\u9280\u884c\u3000\u5e97\u756a029\u3000\u5f53\u5ea7<\/p>\n\n\n\n<p>\u5e97\u540d\u3000\u3007\u30cb\u4e5d\uff08\u30bc\u30ed\u30cb\u30ad\u30e5\u30a6\uff09\u3000\u53e3\u5ea7\u756a\u53f7\u30000096932\u3000\u795e\u5948\u5ddd\u65b0\u653f\u7d4c\u61c7\u8a71\u4f1a<\/p>\n\n\n\n<p>\u3082\u3057\u304f\u306f<\/p>\n\n\n\n<p>\u3010 <strong>\u632f\u66ff\u53e3\u5ea7<\/strong> \u3011<\/p>\n\n\n\n<p>00240-1-096932\u3000\u795e\u5948\u5ddd\u65b0\u653f\u7d4c\u61c7\u8a71\u4f1a<\/p>\n\n\n\n<p class=\"has-vivid-red-color has-text-color\"><strong>\u25a0  \u5e74\uff15\u4e07\u5186\u3092\u8d85\u3048\u308b\u5bc4\u4ed8\u306f\u3001\u5bc4\u4ed8\u8005\u306e\u6c0f\u540d\u7b49\u3092\u53ce\u652f\u5831\u544a\u66f8\u306b\u8a18\u8f09\u3059\u308b\u5fc5\u8981\u304c\u3042\u308a\u307e\u3059\u3002<\/strong><\/p>\n\n\n\n<p class=\"has-vivid-red-color has-text-color\"><strong><strong>\u25a0  <\/strong>\u3053\u306e\u53ce\u652f\u5831\u544a\u66f8\u306f\u516c\u958b\u3055\u308c\u307e\u3059\u3002\u306a\u304a\u3001\u533f\u540d\u3067\u306e\u5bc4\u4ed8\u306f\u7981\u6b62\u3055\u308c\u3066\u304a\u308a\u307e\u3059<\/strong>\u3002<\/p>\n\n\n\n<p class=\"has-vivid-red-color has-text-color\"><strong><strong>\u25a0  <\/strong>\u6cd5\u5f8b\u306b\u3088\u308a\u6cd5\u4eba\u30fb\u56e3\u4f53\u30fb\u5916\u56fd\u4eba\u304b\u3089\u306e\u5bc4\u4ed8<\/strong><strong>\u306f\u7981\u6b62\u3055\u308c\u3066\u304a\u308a\u307e\u3059\u3002<\/strong><\/p>\n\n\n\n<p><\/p>\n\n\n\n<h2 class=\"wp-block-heading has-black-color has-text-color has-large-font-size\">\u500b\u4eba\u732e\u91d1\u306e\u304a\u7533\u3057\u8fbc\u307f<\/h2>\n\n\n\n<div class=\"wp-block-contact-form-7-contact-form-selector\">\n<div class=\"wpcf7 no-js\" id=\"wpcf7-f284-o1\" lang=\"ja\" dir=\"ltr\" data-wpcf7-id=\"284\">\n<div class=\"screen-reader-response\"><p role=\"status\" aria-live=\"polite\" aria-atomic=\"true\"><\/p> <ul><\/ul><\/div>\n<form action=\"\/index.php?rest_route=%2Fwp%2Fv2%2Fpages%2F283#wpcf7-f284-o1\" method=\"post\" class=\"wpcf7-form init\" aria-label=\"\u30b3\u30f3\u30bf\u30af\u30c8\u30d5\u30a9\u30fc\u30e0\" novalidate=\"novalidate\" data-status=\"init\">\n<fieldset class=\"hidden-fields-container\"><input type=\"hidden\" name=\"_wpcf7\" value=\"284\" \/><input type=\"hidden\" name=\"_wpcf7_version\" value=\"6.1.5\" \/><input type=\"hidden\" name=\"_wpcf7_locale\" value=\"ja\" \/><input type=\"hidden\" name=\"_wpcf7_unit_tag\" value=\"wpcf7-f284-o1\" \/><input type=\"hidden\" name=\"_wpcf7_container_post\" value=\"0\" \/><input type=\"hidden\" name=\"_wpcf7_posted_data_hash\" value=\"\" \/>\n<\/fieldset>\n<table class=\"respStyle\">\n\t<tr>\n\t\t<th>\n\t\t\t<p><span class=\"required-srt\">\u3010\u5fc5\u9808\u3011<\/span><span class=\"title-srt\">\u304a\u540d\u524d<\/span>\n\t\t\t<\/p>\n\t\t<\/th>\n\t\t<td>\n\t\t\t<p><span class=\"wpcf7-form-control-wrap\" data-name=\"text-102\"><input size=\"40\" maxlength=\"400\" class=\"wpcf7-form-control wpcf7-text wpcf7-validates-as-required\" aria-required=\"true\" aria-invalid=\"false\" placeholder=\"\u4f8b\uff1a\u5c71\u7530\u592a\u90ce\" value=\"\" type=\"text\" name=\"text-102\" \/><\/span>\n\t\t\t<\/p>\n\t\t<\/td>\n\t<\/tr>\n\t<tr>\n\t\t<th>\n\t\t\t<p><span class=\"required-srt\">\u3010\u5fc5\u9808\u3011<\/span><span class=\"title-srt\">\u304a\u540d\u524d\uff08\u30d5\u30ea\u30ac\u30ca\uff09<\/span>\n\t\t\t<\/p>\n\t\t<\/th>\n\t\t<td>\n\t\t\t<p><span class=\"wpcf7-form-control-wrap\" data-name=\"text-100\"><input size=\"40\" maxlength=\"400\" class=\"wpcf7-form-control wpcf7-text wpcf7-validates-as-required\" aria-required=\"true\" aria-invalid=\"false\" placeholder=\"\u4f8b\uff1a\u30e4\u30de\u30c0\u30bf\u30ed\u30a6\" value=\"\" type=\"text\" name=\"text-100\" \/><\/span>\n\t\t\t<\/p>\n\t\t<\/td>\n\t<\/tr>\n\t<tr>\n\t\t<th>\n\t\t\t<p><span class=\"required-srt\">\u3010\u5fc5\u9808\u3011<\/span><span class=\"title-srt\">\u30e1\u30fc\u30eb\u30a2\u30c9\u30ec\u30b9<\/span>\n\t\t\t<\/p>\n\t\t<\/th>\n\t\t<td>\n\t\t\t<p><span class=\"wpcf7-form-control-wrap\" data-name=\"your-email\"><input size=\"40\" maxlength=\"400\" class=\"wpcf7-form-control wpcf7-email wpcf7-validates-as-required wpcf7-text wpcf7-validates-as-email\" aria-required=\"true\" aria-invalid=\"false\" placeholder=\"\u4f8b\uff1a\u00d7\u00d7\u00d7@\u00d7\u00d7\u00d7.com\" value=\"\" type=\"email\" name=\"your-email\" \/><\/span>\n\t\t\t<\/p>\n\t\t<\/td>\n\t<\/tr>\n\t<tr>\n\t\t<th>\n\t\t\t<p><span class=\"required-srt\">\u3010\u5fc5\u9808\u3011<\/span><span class=\"title-srt\">\u96fb\u8a71\u756a\u53f7<\/span>\n\t\t\t<\/p>\n\t\t<\/th>\n\t\t<td>\n\t\t\t<p><span class=\"wpcf7-form-control-wrap\" data-name=\"text-103\"><input size=\"40\" maxlength=\"400\" class=\"wpcf7-form-control wpcf7-text wpcf7-validates-as-required\" aria-required=\"true\" aria-invalid=\"false\" placeholder=\"\u4f8b\uff1a000-0000-0000\" value=\"\" type=\"text\" name=\"text-103\" \/><\/span>\n\t\t\t<\/p>\n\t\t<\/td>\n\t<\/tr>\n\t<tr>\n\t\t<th>\n\t\t\t<p><span class=\"required-srt\">\u3010\u5fc5\u9808\u3011<\/span><span class=\"title-srt\">\u4f4f\u6240<\/span>\n\t\t\t<\/p>\n\t\t<\/th>\n\t\t<td>\n\t\t\t<p><span class=\"wpcf7-form-control-wrap\" data-name=\"text-101\"><input size=\"40\" maxlength=\"400\" class=\"wpcf7-form-control wpcf7-text wpcf7-validates-as-required\" aria-required=\"true\" aria-invalid=\"false\" placeholder=\"\u4f8b\uff1a\u795e\u5948\u5ddd\u770c\u6a2a\u6d5c\u5e02\u25ef\u25ef\u533a 1-1-1\" value=\"\" type=\"text\" name=\"text-101\" \/><\/span>\n\t\t\t<\/p>\n\t\t<\/td>\n\t<\/tr>\n\t<tr>\n\t\t<th>\n\t\t\t<p><span class=\"required-srt\">\u3010\u5fc5\u9808\u3011<\/span><span class=\"title-srt\">\u5bc4\u4ed8\u91d1\u63a7\u9664\u7533\u8acb\u3092\u5e0c\u671b\u3055\u308c\u307e\u3059\u304b<\/span>\n\t\t\t<\/p>\n\t\t<\/th>\n\t\t<td>\n\t\t\t<p><span class=\"wpcf7-form-control-wrap\" data-name=\"menu-791\"><select class=\"wpcf7-form-control wpcf7-select wpcf7-validates-as-required\" aria-required=\"true\" aria-invalid=\"false\" name=\"menu-791\"><option value=\"\">&#8212;\u4ee5\u4e0b\u304b\u3089\u9078\u629e\u3057\u3066\u304f\u3060\u3055\u3044&#8212;<\/option><option value=\"\u5e0c\u671b\u3059\u308b\">\u5e0c\u671b\u3059\u308b<\/option><option value=\"\u5e0c\u671b\u3057\u306a\u3044\">\u5e0c\u671b\u3057\u306a\u3044<\/option><\/select><\/span>\n\t\t\t<\/p>\n\t\t<\/td>\n\t<\/tr>\n\t<tr>\n\t\t<th>\n\t\t\t<p><span class=\"unrequired-srt\">\u4efb\u610f<\/span><span class=\"title-srt\">\u5099\u8003<br \/>\n<\/span>\n\t\t\t<\/p>\n\t\t<\/th>\n\t\t<td>\n\t\t\t<p><span class=\"wpcf7-form-control-wrap\" data-name=\"your-message\"><textarea cols=\"40\" rows=\"10\" maxlength=\"2000\" class=\"wpcf7-form-control wpcf7-textarea\" aria-invalid=\"false\" placeholder=\"\u3054\u8981\u671b\u7b49\u3042\u308a\u307e\u3057\u305f\u3089\u3054\u8a18\u5165\u304f\u3060\u3055\u3044\u3002\" name=\"your-message\"><\/textarea><\/span>\n\t\t\t<\/p>\n\t\t<\/td>\n\t<\/tr>\n\t<tr>\n\t<\/tr>\n<\/table>\n<p><input class=\"wpcf7-form-control wpcf7-submit has-spinner soushin\" type=\"submit\" value=\"\u9001\u4fe1\u3059\u308b\" \/>\n<\/p><div class=\"wpcf7-response-output\" aria-hidden=\"true\"><\/div>\n<\/form>\n<\/div>\n<\/div>\n\n\n\n<p><\/p>\n","protected":false},"excerpt":{"rendered":"\u6d3b\u52d5\u3092\u9032\u3081\u308b\u306b\u306f\u3001\u8cc7\u91d1\u304c\u5fc5\u8981\u3068\u306a\u308a\u307e\u3059\u3002 \u305d\u3053\u3067\u3001\u6d45\u5ddd\u7fa9\u6cbb\u3068\u5171\u306b\u7acb\u3061\u4e0a\u304c\u308a\u3001\u304a\u652f\u3048\u304f\u3060\u3055\u308b\u7686\u3055\u307e\u3088\u308a\u3001\u5e83\u304f\u6d44\u8ca1\u3092\u52df\u308a\u305f\u304f\u304a\u9858\u3044\u7533\u3057\u4e0a\u3052\u307e\u3059\u3002 \u7686\u3055\u307e\u306e\u3054\u652f\u63f4\u3054\u5354\u529b\u3092\u4f55\u5352\u3088\u308d\u3057\u304f\u304a\u9858\u3044\u7533\u3057\u4e0a\u3052\u307e\u3059\u3002 \u3010 \u632f\u8fbc\u5148 \u3011 \u3086\u3046\u3061 [&hellip;]","protected":false},"author":1,"featured_media":0,"parent":0,"menu_order":0,"comment_status":"closed","ping_status":"closed","template":"","meta":{"footnotes":""},"class_list":["post-283","page","type-page","status-publish","hentry"],"_links":{"self":[{"href":"https:\/\/www.asakawayoshiharu.com\/index.php?rest_route=\/wp\/v2\/pages\/283","targetHints":{"allow":["GET"]}}],"collection":[{"href":"https:\/\/www.asakawayoshiharu.com\/index.php?rest_route=\/wp\/v2\/pages"}],"about":[{"href":"https:\/\/www.asakawayoshiharu.com\/index.php?rest_route=\/wp\/v2\/types\/page"}],"author":[{"embeddable":true,"href":"https:\/\/www.asakawayoshiharu.com\/index.php?rest_route=\/wp\/v2\/users\/1"}],"replies":[{"embeddable":true,"href":"https:\/\/www.asakawayoshiharu.com\/index.php?rest_route=%2Fwp%2Fv2%2Fcomments&post=283"}],"version-history":[{"count":12,"href":"https:\/\/www.asakawayoshiharu.com\/index.php?rest_route=\/wp\/v2\/pages\/283\/revisions"}],"predecessor-version":[{"id":2452,"href":"https:\/\/www.asakawayoshiharu.com\/index.php?rest_route=\/wp\/v2\/pages\/283\/revisions\/2452"}],"wp:attachment":[{"href":"https:\/\/www.asakawayoshiharu.com\/index.php?rest_route=%2Fwp%2Fv2%2Fmedia&parent=283"}],"curies":[{"name":"wp","href":"https:\/\/api.w.org\/{rel}","templated":true}]}}